{"id":658,"date":"2020-03-09T12:55:02","date_gmt":"2020-03-09T12:55:02","guid":{"rendered":"https:\/\/www.dsngrid.com\/droow\/?page_id=658"},"modified":"2023-02-08T15:35:31","modified_gmt":"2023-02-08T15:35:31","slug":"rreth-nesh","status":"publish","type":"page","link":"https:\/\/profix-ks.com\/de\/uber-uns\/","title":{"rendered":"\u00dcber uns"},"content":{"rendered":"<div class=\"container intro-project section-p mb-70 text-center\"  >\n    <div class=\"intro-text\">\n                    <div class=\"title-cover\" data-dsn-grid=\"move-section\" data-dsn-opacity=\"0.1\"\n                 data-dsn-duration=\"170%\" data-dsn-move=\"0%\">\n                Profix            <\/div>\n                <div class=\"inner\">\n            <h2 class=\"title\" data-dsn-animate=\"up\">WAS MACHEN WIR?<\/h2>        <\/div>\n    <\/div>\n\n<\/div>\n\n\n<div class=\"box-gallery-vertical section-padding\"\n     >\n    <div class=\"mask-bg\"><\/div>\n    <div class=\"container\">\n        <div class=\"row align-items-center h-100\">\n            <div class=\"col-lg-6\">\n                                    <div class=\"box-im\" data-dsn-grid=\"move-up\"\n                         data-overlay=\"0\"\n                                                >\n                        <div class=\"swiper-container h-100\">\n                            <div class=\"swiper-wrapper\">\n                                <div class=\"swiper-slide\"><img fetchpriority=\"high\" decoding=\"async\" width=\"600\" height=\"400\" src=\"https:\/\/profix-ks.com\/wp-content\/uploads\/2023\/01\/dummy-img-600x400-removebg-preview.png\" class=\"has-top-bottom image-bg\" alt=\"\" data-dsn-y=\"30%\" srcset=\"https:\/\/profix-ks.com\/wp-content\/uploads\/2023\/01\/dummy-img-600x400-removebg-preview.png 600w, https:\/\/profix-ks.com\/wp-content\/uploads\/2023\/01\/dummy-img-600x400-removebg-preview-300x200.png 300w\" sizes=\"(max-width: 600px) 100vw, 600px\" \/><\/div>                            <\/div>\n                        <\/div>\n\n                    <\/div>\n                            <\/div>\n\n            <div class=\"col-lg-6\">\n                <div class=\"box-info\">\n\n                    \n                    <div class=\"vertical-title\"><h2 >PROFIX<\/h2><\/div><h6 >Die Fabrik f\u00fcr die Gesamtheit der Baustoffe hat seit 2010 mit der Produktion verschiedener Bauprodukte begonnen, mit einem breiten Programm an Pflanzenprodukten: Lacke, Klebstoffe und Fassaden.<br \/>\r\n<\/h6><p >Die uns zur Verf\u00fcgung stehenden Produkte sind von hoher Qualit\u00e4t, die von unseren Mitarbeitern und Kunden zertifiziert wurden. Dies liegt auch daran, dass unsere Produkte nach der Norm ISO 9001: 2008 mit der Nummer: ER - QMS - 5211-21 zertifiziert sind und auch \u00fcber die entsprechenden Zertifikate verf\u00fcgen, die vom Institut f\u00fcr Baustoffe und Konstruktion \"IBMS\" zertifiziert wurden. Wir st\u00fctzen eine so hohe Qualit\u00e4t nicht auf das Rohmaterial der Analyse von Kosovo-Gesteinen, auf Technologie und Technologie, die Ausr\u00fcstung der Deutschen und eine f\u00fchrende Person eines Fachmanns.<br \/>\r\n<br \/>\r\nUnsere Produkte sind neben der bereits bew\u00e4hrten und garantierten Qualit\u00e4t auch professionell verpackt und sehr gut f\u00fcr den Endverbrauch geeignet, wobei diese Verpackung auch die Beschreibung der Produkte sowie die Beschreibung ihrer Lagerung und Verwendung enth\u00e4lt.<\/p>                <\/div>\n\n            <\/div>\n        <\/div>\n\n    <\/div>\n<\/div>\n\n\n\n\n\n\n\n\n\n    <div class=\"box-seat box-seat-bottom  text-center\" >\n        <div class=\"container-fluid\">\n\n            <div class=\"inner-img\" data-dsn-grid=\"move-up\"\n                 data-overlay=\"0\"\n                 >\n\n                <img decoding=\"async\" width=\"2000\" height=\"1532\" src=\"https:\/\/profix-ks.com\/wp-content\/uploads\/2023\/01\/Abrib-Suvatim.jpg\" class=\"attachment-full size-full\" alt=\"\" data-dsn-scale=\"1\" data-dsn-y=\"30%\" style=\"transform: scale(1.3);\" srcset=\"https:\/\/profix-ks.com\/wp-content\/uploads\/2023\/01\/Abrib-Suvatim.jpg 2000w, https:\/\/profix-ks.com\/wp-content\/uploads\/2023\/01\/Abrib-Suvatim-300x230.jpg 300w, https:\/\/profix-ks.com\/wp-content\/uploads\/2023\/01\/Abrib-Suvatim-1024x784.jpg 1024w, https:\/\/profix-ks.com\/wp-content\/uploads\/2023\/01\/Abrib-Suvatim-768x588.jpg 768w, https:\/\/profix-ks.com\/wp-content\/uploads\/2023\/01\/Abrib-Suvatim-1536x1177.jpg 1536w, https:\/\/profix-ks.com\/wp-content\/uploads\/2023\/01\/Abrib-Suvatim-1240x950.jpg 1240w, https:\/\/profix-ks.com\/wp-content\/uploads\/2023\/01\/Abrib-Suvatim-880x674.jpg 880w\" sizes=\"(max-width: 2000px) 100vw, 2000px\" \/>            <\/div>\n\n            <div class=\"pro-text\" >\n                                <h3 data-dsn-animate=\"up\">Was sollten Sie vor der Verwendung wissen?<\/h3><p class=\"span-small\" data-dsn-animate=\"up\"><b>Wie wendet man BETON CONTACT an?<\/b><br \/>\r\nBETON CONTACT durch - aufgetragen mit Pinsel, Rolle oder Spritzpistole. L\u00f6slich\nin Wasser in einem Ausma\u00df von 10 % bis 15 %. Die zu lackierende Oberfl\u00e4che muss sauber, trocken und nicht fettig sein. Werkzeuge sofort nach Gebrauch mit warmem Wasser reinigen.<br \/>\r\n<br \/>\r\n<b>Wie wende ich FASADEX an ?<\/b><br \/>\r\nMischen mit Wasser 5% - 10% \u2014  Verbrauch 5-7m2\/Kg \u2014 Es wird bei einer Temperatur von +10\u00b0C bis +30\u00b0C aufgetragen Bei einer Temperatur von +5\u00b0C bis +25\u00b0C lagern Haltbarkeit 12 Monate<br \/>\r\n<br \/>\r\n<br \/>\r\n<b>Wie wird ABRIB behandelt?<\/b><br \/>\r\nPROFIX ABRIB kann bis zu 10 % mit Wasser verd\u00fcnnt werden. Vor Gebrauch gut mischen. Es kann mit einer Rolle und einem Pinsel aufgetragen werden. Nicht bei Temperaturen unter +5\u00b0C verwenden. Arbeitsger\u00e4te\nm\u00fcssen sofort nach Gebrauch mit Wasser gereinigt werden.<br \/>\r\n<br \/>\r\n<br \/>\r\n<b>Wie ist die Behandlung von GROUND Baz\u00eb ?<\/b><br \/>\r\nMischen mit Wasser 10% - 15% - Verbrauch 1kg \/ 4-5m2 Es sollte bei einer Temperatur von +5\u00b0C - +25\u00b0C gehandhabt und gelagert werden Haltbarkeit 12 Monate.<br \/>\r\n<\/p>            <\/div>\n        <\/div>\n    <\/div>\n\n\n\n\n\n\n<div class=\"root-contact\" >\n\n\n    <div class=\"container\">\n        <div class=\"row\">\n            <div class=\"col-lg-6\">\n                <div class=\"box-info-contact\">\n                    <h3 data-dsn-animate=\"up\" class=\" translation-block\">M\u00f6chten <br> Sie mehr wissen?<\/h3><h5 data-dsn-animate=\"up\">Kontaktiere uns !<\/h5><p data-dsn-animate=\"up\">Wenn Sie mehr wissen m\u00f6chten, werden wir uns so schnell wie m\u00f6glich mit Ihnen in Verbindung setzen.<\/p>\n                    <ul>\n                        <li><span data-dsn-animate=\"text\">Nummer<\/span><a href=\"tel: 38344305138\" target=\"_blank\" rel=\"nofollow\" data-dsn-animate=\"text\">+38344305138<\/a><\/li>\n\n                        <li><span data-dsn-animate=\"text\">E-mail<\/span><a href=\"mailto:I&#78;&#70;O@PROFIX-&#75;S&#46;COM\" target=\"_blank\" rel=\"nofollow\" data-dsn-animate=\"text\">IN&#70;O&#64;&#80;ROF&#73;X&#45;K&#83;.&#67;&#79;M<\/a><\/li>\n\n                        <li><span data-dsn-animate=\"text\">Adresse<\/span><p data-dsn-animate=\"text\">KMETOVC,GJILAN,60000,KOSOV\u00cb<\/p><\/li>\n                    <\/ul>\n                <\/div>\n            <\/div>\n\n            <div class=\"col-lg-6\">\n                <div class=\"form-box\">\n                    \n<div class=\"wpcf7 no-js\" id=\"wpcf7-f296-o1\" lang=\"en-US\" dir=\"ltr\">\n<div class=\"screen-reader-response\"><p role=\"status\" aria-live=\"polite\" aria-atomic=\"true\"><\/p> <ul><\/ul><\/div>\n<form action=\"\/de\/wp-json\/wp\/v2\/pages\/658#wpcf7-f296-o1\" method=\"post\" class=\"wpcf7-form init\" aria-label=\"Contact form\" novalidate=\"novalidate\" data-status=\"init\" data-trp-original-action=\"\/de\/wp-json\/wp\/v2\/pages\/658#wpcf7-f296-o1\">\n<div style=\"display: none;\">\n<input type=\"hidden\" name=\"_wpcf7\" value=\"296\" \/>\n<input type=\"hidden\" name=\"_wpcf7_version\" value=\"5.8.5\" \/>\n<input type=\"hidden\" name=\"_wpcf7_locale\" value=\"en_US\" \/>\n<input type=\"hidden\" name=\"_wpcf7_unit_tag\" value=\"wpcf7-f296-o1\" \/>\n<input type=\"hidden\" name=\"_wpcf7_container_post\" value=\"0\" \/>\n<input type=\"hidden\" name=\"_wpcf7_posted_data_hash\" value=\"\" \/>\n<\/div>\n<div class=\"input__wrap controls\">\n    <div class=\"form-group\">\n      <div class=\"entry-form\">\n        <label>Name<\/label><span class=\"wpcf7-form-control-wrap\" data-name=\"your-name\"><input size=\"40\" class=\"wpcf7-form-control wpcf7-text wpcf7-validates-as-required\" aria-required=\"true\" aria-invalid=\"false\" placeholder=\"Name\" value=\"\" type=\"text\" name=\"your-name\" \/><\/span>\n      <\/div>\n    <\/div>\n\n    <div class=\"form-group\">\n      <div class=\"entry-form\">\n        <label>E-mail<\/label><span class=\"wpcf7-form-control-wrap\" data-name=\"your-email\"><input size=\"40\" class=\"wpcf7-form-control wpcf7-email wpcf7-validates-as-required wpcf7-text wpcf7-validates-as-email\" aria-required=\"true\" aria-invalid=\"false\" placeholder=\"Email\" value=\"\" type=\"email\" name=\"your-email\" \/><\/span>\n      <\/div>\n\n    <\/div>\n\n    <div class=\"form-group\">\n      <div class=\"entry-form\">\n        <label>Nummer<\/label><span class=\"wpcf7-form-control-wrap\" data-name=\"your-tel\"><input size=\"40\" class=\"wpcf7-form-control wpcf7-tel wpcf7-validates-as-required wpcf7-text wpcf7-validates-as-tel\" aria-required=\"true\" aria-invalid=\"false\" placeholder=\"Nummer\" value=\"\" type=\"tel\" name=\"your-tel\" \/><\/span>\n      <\/div>\n\n    <\/div>\n\n    <div class=\"form-group\">\n      <div class=\"entry-form\">\n        <label>Kommentar<\/label><span class=\"wpcf7-form-control-wrap\" data-name=\"your-message\"><textarea cols=\"40\" rows=\"4\" class=\"wpcf7-form-control wpcf7-textarea\" aria-invalid=\"false\" placeholder=\"Kommentar\" name=\"your-message\"><\/textarea><\/span>\n      <\/div>\n    <\/div>\n\n    <div class=\"image-zoom\" data-dsn=\"parallax\">\n      <input class=\"wpcf7-form-control wpcf7-submit has-spinner\" type=\"submit\" value=\"Einreichen\" \/>\n    <\/div>\n  <\/div><div class=\"wpcf7-response-output\" aria-hidden=\"true\"><\/div>\n<input type=\"hidden\" name=\"trp-form-language\" value=\"de\"\/><\/form>\n<\/div>\n\n                <\/div>\n            <\/div>\n        <\/div>\n    <\/div>\n<\/div>","protected":false},"excerpt":{"rendered":"","protected":false},"author":1,"featured_media":1046,"parent":0,"menu_order":0,"comment_status":"closed","ping_status":"closed","template":"","meta":{"om_disable_all_campaigns":false,"_monsterinsights_skip_tracking":false,"_monsterinsights_sitenote_active":false,"_monsterinsights_sitenote_note":"","_monsterinsights_sitenote_category":0,"footnotes":""},"aioseo_notices":[],"acf":[],"_links":{"self":[{"href":"https:\/\/profix-ks.com\/de\/wp-json\/wp\/v2\/pages\/658"}],"collection":[{"href":"https:\/\/profix-ks.com\/de\/wp-json\/wp\/v2\/pages"}],"about":[{"href":"https:\/\/profix-ks.com\/de\/wp-json\/wp\/v2\/types\/page"}],"author":[{"embeddable":true,"href":"https:\/\/profix-ks.com\/de\/wp-json\/wp\/v2\/users\/1"}],"replies":[{"embeddable":true,"href":"https:\/\/profix-ks.com\/de\/wp-json\/wp\/v2\/comments?post=658"}],"version-history":[{"count":73,"href":"https:\/\/profix-ks.com\/de\/wp-json\/wp\/v2\/pages\/658\/revisions"}],"predecessor-version":[{"id":1974,"href":"https:\/\/profix-ks.com\/de\/wp-json\/wp\/v2\/pages\/658\/revisions\/1974"}],"wp:featuredmedia":[{"embeddable":true,"href":"https:\/\/profix-ks.com\/de\/wp-json\/wp\/v2\/media\/1046"}],"wp:attachment":[{"href":"https:\/\/profix-ks.com\/de\/wp-json\/wp\/v2\/media?parent=658"}],"curies":[{"name":"wp","href":"https:\/\/api.w.org\/{rel}","templated":true}]}}